{"id":6,"date":"2020-09-29T13:39:23","date_gmt":"2020-09-29T13:39:23","guid":{"rendered":"https:\/\/harrasterallisarja.fi\/?page_id=6"},"modified":"2024-10-13T13:15:51","modified_gmt":"2024-10-13T13:15:51","slug":"etusivu_old","status":"publish","type":"page","link":"https:\/\/harrasterallisarja.fi\/index.php\/etusivu_old\/","title":{"rendered":"Etusivu"},"content":{"rendered":"<h2 class=\"wp-block-heading\" id=\"harrasterallisarja-kilvanajoa-satakymmenen-lasissa-mutta-leppoisasti-harrastaen\"><strong>HARRASTERALLISARJA \u2013 Kilvanajoa sataKYMMENEN lasissa, mutta leppoisasti harrastaen!<\/strong><\/h2><figure class=\"wp-block-image size-large\"><img loading=\"lazy\" decoding=\"async\" width=\"1024\" height=\"522\" src=\"https:\/\/harrasterallisarja.fi\/wp-content\/uploads\/2023\/07\/IMG_8060-1-1024x522.jpg\" alt=\"\" class=\"wp-image-3067\" srcset=\"https:\/\/harrasterallisarja.fi\/wp-content\/uploads\/2023\/07\/IMG_8060-1-1024x522.jpg 1024w, https:\/\/harrasterallisarja.fi\/wp-content\/uploads\/2023\/07\/IMG_8060-1-300x153.jpg 300w, https:\/\/harrasterallisarja.fi\/wp-content\/uploads\/2023\/07\/IMG_8060-1-768x392.jpg 768w, https:\/\/harrasterallisarja.fi\/wp-content\/uploads\/2023\/07\/IMG_8060-1-1536x783.jpg 1536w, https:\/\/harrasterallisarja.fi\/wp-content\/uploads\/2023\/07\/IMG_8060-1.jpg 1995w\" sizes=\"auto, (max-width: 1024px) 100vw, 1024px\" \/><\/figure><h2 class=\"wp-block-heading has-text-align-center\" id=\"harrasterallisarjassa-2022-yli-200-kuljettajaparia\">HARRASTERALLISARJA 2024<\/h2><p>Tervetuloa harrasterallisarjan kotisivuille! Kaudella 2024 ajetaan kolmesta eri mestaruudesta: Harrasterallisarjan Mestaruus, Pohjois-Suomen Mestaruus ja Etel\u00e4-Suomen Mestaruus. Luvassa on yhteens\u00e4 kahdeksan kovatasoista osakilpailua &#8211; nelj\u00e4 pohjoisessa, nelj\u00e4 etel\u00e4ss\u00e4! Palkintoina sarjassa menestyjille lahjakortteja sek\u00e4 muita rahanarvoisia palkintoja. <\/p><p>Toivotamme kaikki tervetulleeksi kilpailemaan rennolla harrastemielell\u00e4!<\/p><div class=\"wp-block-columns is-layout-flex wp-container-core-columns-is-layout-1 wp-block-columns-is-layout-flex\"><div class=\"wp-block-column is-layout-flow wp-block-column-is-layout-flow\"><p><strong>KILPAILUKALENTERI 2024<\/strong><\/p>\n\n<p>20.01.2024 Kontiolahti (Pohjois-Suomi)<br>03.02.2024 Kaustinen (Pohjois-Suomi)<br>17.02.2024 Toivakka (Etel\u00e4-Suomi)<br>18.05.2024 Ikaalinen (Etel\u00e4-Suomi)<br>15.06.2024 Oulu (Pohjois-Suomi)<br>13.07.2024 Kisko (Etel\u00e4-Suomi)<br>10.08.2024 Juuka (Pohjois-Suomi)<br>31.08.2024 Keuruu (Etel\u00e4-Suomi)<\/p><\/div>\n\n<div class=\"wp-block-column is-layout-flow wp-block-column-is-layout-flow\"><p><\/p><\/div><\/div><p class=\"has-text-align-left\"><strong><a rel=\"noreferrer noopener\" href=\"https:\/\/harrasterallisarja.fi\/index.php\/saannot\/\" target=\"_blank\">Sarjan 2024 s\u00e4\u00e4nn\u00f6t<\/a><\/strong><\/p><p class=\"has-text-align-left\"><strong><a href=\"https:\/\/harrasterallisarja.fi\/index.php\/ilmoittautuneet\/\">Sarjaan ilmoittautuneiden lista<\/a><\/strong>.<\/p>","protected":false},"excerpt":{"rendered":"<p>HARRASTERALLISARJA \u2013 Kilvanajoa sataKYMMENEN lasissa, mutta leppoisasti harrastaen! HARRASTERALLISARJA 2024 Tervetuloa harrasterallisarjan kotisivuille! Kaudella 2024 ajetaan kolmesta eri mestaruudesta: Harrasterallisarjan Mestaruus, Pohjois-Suomen Mestaruus ja Etel\u00e4-Suomen&hellip;<\/p>\n","protected":false},"author":2,"featured_media":0,"parent":0,"menu_order":0,"comment_status":"closed","ping_status":"closed","template":"","meta":{"_themeisle_gutenberg_block_has_review":false,"footnotes":""},"class_list":["post-6","page","type-page","status-publish","hentry"],"_links":{"self":[{"href":"https:\/\/harrasterallisarja.fi\/index.php\/wp-json\/wp\/v2\/pages\/6","targetHints":{"allow":["GET"]}}],"collection":[{"href":"https:\/\/harrasterallisarja.fi\/index.php\/wp-json\/wp\/v2\/pages"}],"about":[{"href":"https:\/\/harrasterallisarja.fi\/index.php\/wp-json\/wp\/v2\/types\/page"}],"author":[{"embeddable":true,"href":"https:\/\/harrasterallisarja.fi\/index.php\/wp-json\/wp\/v2\/users\/2"}],"replies":[{"embeddable":true,"href":"https:\/\/harrasterallisarja.fi\/index.php\/wp-json\/wp\/v2\/comments?post=6"}],"version-history":[{"count":42,"href":"https:\/\/harrasterallisarja.fi\/index.php\/wp-json\/wp\/v2\/pages\/6\/revisions"}],"predecessor-version":[{"id":3447,"href":"https:\/\/harrasterallisarja.fi\/index.php\/wp-json\/wp\/v2\/pages\/6\/revisions\/3447"}],"wp:attachment":[{"href":"https:\/\/harrasterallisarja.fi\/index.php\/wp-json\/wp\/v2\/media?parent=6"}],"curies":[{"name":"wp","href":"https:\/\/api.w.org\/{rel}","templated":true}]}}