{"id":3596,"date":"2024-10-13T13:10:51","date_gmt":"2024-10-13T13:10:51","guid":{"rendered":"https:\/\/harrasterallisarja.fi\/?page_id=3596"},"modified":"2025-10-21T08:00:10","modified_gmt":"2025-10-21T08:00:10","slug":"kausi-2025","status":"publish","type":"page","link":"https:\/\/harrasterallisarja.fi\/","title":{"rendered":"Kausi 2026"},"content":{"rendered":"<div id=\"sp-page\" class=\"spBgcover sp-content-1\" style=\"background-color: rgb(255, 255, 255); font-family: 'Helvetica Neue', Arial, sans-serif; font-weight: 400;\">\n<section id=\"sp-ks8a8s\" data-mobile-visibility=\"#sp-ks8a8s|false\" data-tablet-visibility=\"#sp-ks8a8s|false\" data-desktop-visibility=\"#sp-ks8a8s|false\" data-mobile-css=\"\" data-tablet-css=\"\" class=\"sp-el-section  spBgcoverscroll\" style=\"background-image: linear-gradient(0deg, rgba(0, 0, 0, 0), rgba(0, 0, 0, 0)), url('https:\/\/harrasterallisarja.fi\/wp-content\/uploads\/2020\/10\/body-bg3.gif'); width: 100%; max-width: 100%; padding: 10px;\">\n<div id=\"sp-vw3kvy\" data-mobile-visibility=\"#sp-vw3kvy|false\" data-tablet-visibility=\"#sp-vw3kvy|false\" data-desktop-visibility=\"#sp-vw3kvy|false\" data-mobile-css=\"\" data-tablet-css=\"\" class=\"sp-el-row sp-w-full  sp-m-auto sm:sp-flex sp-justify-between\" style=\"padding: 0px; background-color: rgba(255, 255, 255, 0.71);\">\n<div id=\"sp-tsd6j8\" data-mobile-visibility=\"#sp-tsd6j8|false\" data-tablet-visibility=\"#sp-tsd6j8|false\" data-desktop-visibility=\"#sp-tsd6j8|false\" data-mobile-css=\"\" data-tablet-css=\"\" class=\"sp-el-col  sp-w-full\" style=\"width: calc(100% + 0px);\"><span href=\"\" target=\"\" rel=\"\" class=\"sp-header-block-link\" style=\"text-decoration: none;\"><\/p>\n<h1 id=\"sp-ll3fzj\" data-mobile-css=\".sp-headline-block-ll3fzj, #sp-ll3fzj, #ll3fzj|text-align:center;\" data-tablet-css=\".sp-headline-block-ll3fzj, #sp-ll3fzj, #ll3fzj|text-align:center;\" data-mobile-visibility=\".sp-headline-block-ll3fzj|false\" data-tablet-visibility=\".sp-headline-block-ll3fzj|false\" data-desktop-visibility=\".sp-headline-block-ll3fzj|false\" class=\"sp-css-target sp-el-block sp-headline-block-ll3fzj sp-type-header\" style=\"font-weight: bold; font-family: 'Saira Condensed'; text-align: center; margin: 0px;\">HARRASTERALLISARJA 2026<\/h1>\n<p><\/span><\/p>\n<div id=\"gxg6rr\" data-mobile-css=\".sp-text-wrapper-gxg6rr, #sp-gxg6rr, #gxg6rr|text-align:left;\" data-tablet-css=\".sp-text-wrapper-gxg6rr, #sp-gxg6rr, #gxg6rr|text-align:left;\" data-mobile-visibility=\".sp-text-wrapper-gxg6rr|false\" data-tablet-visibility=\".sp-text-wrapper-gxg6rr|false\" data-desktop-visibility=\".sp-text-wrapper-gxg6rr|false\" class=\"sp-css-target sp-text-wrapper sp-el-block sp-text-block-style sp-text-wrapper-gxg6rr mce-content-body html4-captions\" style=\"font-size: 17px; margin: 0px; text-align: left; position: relative;\"  >\n<p style=\"text-align: center;\" data-mce-style=\"text-align: center;\"><strong>Harrastemoottoriurheilun Keskusj\u00e4rjest\u00f6n alainen Harrasterallisarja jakautuu kaudeksi 2026 erillisiin pohjoisen ja etel\u00e4n sarjoihin.<\/strong><\/p>\n<\/div>\n<figure id=\"sp-y6g4az\" data-mobile-css=\"#sp-y6g4az|text-align:center;\" data-tablet-css=\"#sp-y6g4az|text-align:center;\" class=\"sp-image-wrapper sp-el-block\" style=\"margin: 0px; text-align: center;\">\n<div><span><a href=\"https:\/\/pohjoinen.harrasterallisarja.fi\" target=\"_blank\" rel=\"\" class=\"sp-inline-block\"><img loading=\"lazy\" decoding=\"async\" src=\"https:\/\/harrasterallisarja.fi\/wp-content\/uploads\/2025\/10\/TALVIMESTARUUS.png\" alt=\"\" width=\"993\" height=\"460\" srcset=\" https:\/\/harrasterallisarja.fi\/wp-content\/uploads\/2025\/10\/TALVIMESTARUUS-150x150.png 150w, https:\/\/harrasterallisarja.fi\/wp-content\/uploads\/2025\/10\/TALVIMESTARUUS-300x139.png 300w, https:\/\/harrasterallisarja.fi\/wp-content\/uploads\/2025\/10\/TALVIMESTARUUS.png 993w\" data-mobile-visibility=\".sp-image-block-y6g4az|false\" data-tablet-visibility=\".sp-image-block-y6g4az|false\" data-desktop-visibility=\".sp-image-block-y6g4az|false\" class=\"sp-image-block-y6g4az\" style=\"padding: 5px; background-color: rgb(255, 255, 255); border-width: 1px; border-style: solid; border-color: rgb(222, 222, 222); width: 300px;\"><\/a><\/span><\/div>\n<div id=\"sp-image-dynamic-tags-js-y6g4az\"><script>jQuery(function() { image_dynamic_tags('y6g4az' );});<\/script><\/div>\n<\/figure>\n<figure id=\"sp-cmjbck\" data-mobile-css=\"#sp-cmjbck|text-align:center;\" data-tablet-css=\"#sp-cmjbck|text-align:center;\" class=\"sp-image-wrapper sp-el-block\" style=\"margin: 0px; text-align: center;\">\n<div><span><a href=\"https:\/\/ratexpress-rallisarja.fi\/\" target=\"_blank\" rel=\"\" class=\"sp-inline-block\"><img loading=\"lazy\" decoding=\"async\" src=\"https:\/\/harrasterallisarja.fi\/wp-content\/uploads\/2025\/10\/cropped-cropped-cropped-Vaaka-violetti-tausta-250x82-1.png\" alt=\"\" width=\"250\" height=\"82\" srcset=\" https:\/\/harrasterallisarja.fi\/wp-content\/uploads\/2025\/10\/cropped-cropped-cropped-Vaaka-violetti-tausta-250x82-1-150x82.png 150w, https:\/\/harrasterallisarja.fi\/wp-content\/uploads\/2025\/10\/cropped-cropped-cropped-Vaaka-violetti-tausta-250x82-1.png 250w\" data-mobile-visibility=\".sp-image-block-cmjbck|false\" data-tablet-visibility=\".sp-image-block-cmjbck|false\" data-desktop-visibility=\".sp-image-block-cmjbck|false\" class=\"sp-image-block-cmjbck\" style=\"padding: 5px; background-color: rgb(255, 255, 255); border-width: 1px; border-style: solid; border-color: rgb(222, 222, 222); width: 300px;\"><\/a><\/span><\/div>\n<div id=\"sp-image-dynamic-tags-js-cmjbck\"><script>jQuery(function() { image_dynamic_tags('cmjbck' );});<\/script><\/div>\n<\/figure>\n<p><span href=\"\" target=\"\" rel=\"\" class=\"sp-header-block-link\" style=\"text-decoration: none;\"><\/p>\n<h1 id=\"sp-z7zlfa\" data-mobile-css=\".sp-headline-block-z7zlfa, #sp-z7zlfa, #z7zlfa|text-align:center;\" data-tablet-css=\".sp-headline-block-z7zlfa, #sp-z7zlfa, #z7zlfa|text-align:center;\" data-mobile-visibility=\".sp-headline-block-z7zlfa|false\" data-tablet-visibility=\".sp-headline-block-z7zlfa|false\" data-desktop-visibility=\".sp-headline-block-z7zlfa|false\" class=\"sp-css-target sp-el-block sp-headline-block-z7zlfa sp-type-header\" style=\"font-family: 'Saira Condensed'; text-align: center; margin: 0px;\"><a href=\"https:\/\/harrasterallisarja.fi\/index.php\/etusivu_old\/\" target=\"_blank\" rel=\"noopener\">AIEMMAT KAUDET<\/a><\/h1>\n<p><\/span><\/div>\n<\/div>\n<\/section>\n<\/div>\n","protected":false},"excerpt":{"rendered":"<p>HARRASTERALLISARJA 2026 Harrastemoottoriurheilun Keskusj\u00e4rjest\u00f6n alainen Harrasterallisarja jakautuu kaudeksi 2026 erillisiin pohjoisen ja etel\u00e4n sarjoihin. AIEMMAT KAUDET<\/p>\n","protected":false},"author":2,"featured_media":0,"parent":0,"menu_order":0,"comment_status":"closed","ping_status":"closed","template":"","meta":{"_themeisle_gutenberg_block_has_review":false,"footnotes":""},"class_list":["post-3596","page","type-page","status-publish","hentry"],"_links":{"self":[{"href":"https:\/\/harrasterallisarja.fi\/index.php\/wp-json\/wp\/v2\/pages\/3596","targetHints":{"allow":["GET"]}}],"collection":[{"href":"https:\/\/harrasterallisarja.fi\/index.php\/wp-json\/wp\/v2\/pages"}],"about":[{"href":"https:\/\/harrasterallisarja.fi\/index.php\/wp-json\/wp\/v2\/types\/page"}],"author":[{"embeddable":true,"href":"https:\/\/harrasterallisarja.fi\/index.php\/wp-json\/wp\/v2\/users\/2"}],"replies":[{"embeddable":true,"href":"https:\/\/harrasterallisarja.fi\/index.php\/wp-json\/wp\/v2\/comments?post=3596"}],"version-history":[{"count":8,"href":"https:\/\/harrasterallisarja.fi\/index.php\/wp-json\/wp\/v2\/pages\/3596\/revisions"}],"predecessor-version":[{"id":3613,"href":"https:\/\/harrasterallisarja.fi\/index.php\/wp-json\/wp\/v2\/pages\/3596\/revisions\/3613"}],"wp:attachment":[{"href":"https:\/\/harrasterallisarja.fi\/index.php\/wp-json\/wp\/v2\/media?parent=3596"}],"curies":[{"name":"wp","href":"https:\/\/api.w.org\/{rel}","templated":true}]}}