{"id":3155,"date":"2023-11-11T16:28:08","date_gmt":"2023-11-11T16:28:08","guid":{"rendered":"https:\/\/harrasterallisarja.fi\/?page_id=3155"},"modified":"2024-07-18T22:06:38","modified_gmt":"2024-07-18T22:06:38","slug":"31-08-keuruu","status":"publish","type":"page","link":"https:\/\/harrasterallisarja.fi\/index.php\/31-08-keuruu\/","title":{"rendered":"31.08. Keuruu"},"content":{"rendered":"<h2 class=\"wp-block-heading\">31.8. Keuruu Ralli<\/h2><p><strong>Elfin Harrasterallisarja 2024 \u2013 8. osakilpailu, Etel\u00e4 4\/4<\/strong><\/p><p>Kilpailukutsu: <a href=\"https:\/\/ajaksi.fi\/wp\/31-8-2024-gt-osat-ralli\/\">https:\/\/ajaksi.fi\/wp\/31-8-2024-gt-osat-ralli\/<\/a><\/p><p>Ilmoittautuminen: <a href=\"https:\/\/ajaksi.fi\/wp\/31-8-2024-gt-osat-ralli\/\">https:\/\/ajaksi.fi\/wp\/31-8-2024-gt-osat-ralli\/<\/a><\/p><p>L\u00e4ht\u00f6luettelo:<\/p><p>Kilpailijainfo:<\/p><p>Online tulokset: <a href=\"https:\/\/ajaksi.online\/\">https:\/\/ajaksi.online\/<\/a><\/p><p>Lis\u00e4tiedot:  Etel\u00e4-Suomen aluesarjan ja samalla koko Harrasterallisarjan finaalina toimii 31.8. Pihlajaveden, \u00c4ht\u00e4rin ja Virtain alueella ajettava GT-Osat Ralli. Rallimiehet ry:n j\u00e4rjest\u00e4m\u00e4ss\u00e4 GT-Osat rallissa ajetaan viisi erikoiskoetta, joista kertyy yhteens\u00e4 n. 62 EK-kilometri\u00e4. Koko reitin pituus on n. 183 km. Kilpailukeskus\/l\u00e4ht\u00f6\/maali sijaitsee Hotelli Keurussel\u00e4ss\u00e4. Ilmoittautuminen p\u00e4\u00e4ttyy Ajaksi.fi-sivustolla torstaina 22.8.2024. Lis\u00e4tietoja antaa tarvittaessa kilpailunjohtaja Tero Herranen p. 050 3055162, rallimiehet.keuruu@gmail.com.<\/p><figure class=\"wp-block-image size-large\"><img loading=\"lazy\" decoding=\"async\" width=\"724\" height=\"1024\" src=\"https:\/\/harrasterallisarja.fi\/wp-content\/uploads\/2024\/07\/GT-osatralliSomekuva-724x1024.jpg\" alt=\"\" class=\"wp-image-3520\" srcset=\"https:\/\/harrasterallisarja.fi\/wp-content\/uploads\/2024\/07\/GT-osatralliSomekuva-724x1024.jpg 724w, https:\/\/harrasterallisarja.fi\/wp-content\/uploads\/2024\/07\/GT-osatralliSomekuva-212x300.jpg 212w, https:\/\/harrasterallisarja.fi\/wp-content\/uploads\/2024\/07\/GT-osatralliSomekuva-768x1086.jpg 768w, https:\/\/harrasterallisarja.fi\/wp-content\/uploads\/2024\/07\/GT-osatralliSomekuva-1086x1536.jpg 1086w, https:\/\/harrasterallisarja.fi\/wp-content\/uploads\/2024\/07\/GT-osatralliSomekuva.jpg 1448w\" sizes=\"auto, (max-width: 724px) 100vw, 724px\" \/><\/figure>","protected":false},"excerpt":{"rendered":"<p>31.8. Keuruu Ralli Elfin Harrasterallisarja 2024 \u2013 8. osakilpailu, Etel\u00e4 4\/4 Kilpailukutsu: https:\/\/ajaksi.fi\/wp\/31-8-2024-gt-osat-ralli\/ Ilmoittautuminen: https:\/\/ajaksi.fi\/wp\/31-8-2024-gt-osat-ralli\/ L\u00e4ht\u00f6luettelo: Kilpailijainfo: Online tulokset: https:\/\/ajaksi.online\/ Lis\u00e4tiedot: Etel\u00e4-Suomen aluesarjan ja samalla&hellip;<\/p>\n","protected":false},"author":2,"featured_media":0,"parent":0,"menu_order":0,"comment_status":"closed","ping_status":"closed","template":"","meta":{"_themeisle_gutenberg_block_has_review":false,"footnotes":""},"class_list":["post-3155","page","type-page","status-publish","hentry"],"_links":{"self":[{"href":"https:\/\/harrasterallisarja.fi\/index.php\/wp-json\/wp\/v2\/pages\/3155","targetHints":{"allow":["GET"]}}],"collection":[{"href":"https:\/\/harrasterallisarja.fi\/index.php\/wp-json\/wp\/v2\/pages"}],"about":[{"href":"https:\/\/harrasterallisarja.fi\/index.php\/wp-json\/wp\/v2\/types\/page"}],"author":[{"embeddable":true,"href":"https:\/\/harrasterallisarja.fi\/index.php\/wp-json\/wp\/v2\/users\/2"}],"replies":[{"embeddable":true,"href":"https:\/\/harrasterallisarja.fi\/index.php\/wp-json\/wp\/v2\/comments?post=3155"}],"version-history":[{"count":5,"href":"https:\/\/harrasterallisarja.fi\/index.php\/wp-json\/wp\/v2\/pages\/3155\/revisions"}],"predecessor-version":[{"id":3521,"href":"https:\/\/harrasterallisarja.fi\/index.php\/wp-json\/wp\/v2\/pages\/3155\/revisions\/3521"}],"wp:attachment":[{"href":"https:\/\/harrasterallisarja.fi\/index.php\/wp-json\/wp\/v2\/media?parent=3155"}],"curies":[{"name":"wp","href":"https:\/\/api.w.org\/{rel}","templated":true}]}}