{"id":3151,"date":"2023-11-11T16:27:38","date_gmt":"2023-11-11T16:27:38","guid":{"rendered":"https:\/\/harrasterallisarja.fi\/?page_id=3151"},"modified":"2024-05-12T20:34:48","modified_gmt":"2024-05-12T20:34:48","slug":"15-06-oulu","status":"publish","type":"page","link":"https:\/\/harrasterallisarja.fi\/index.php\/15-06-oulu\/","title":{"rendered":"15.06. Oulu"},"content":{"rendered":"<h2 class=\"wp-block-heading\">15.6. Jaresko Oy Ralli<\/h2><p><strong>Elfin Harrasterallisarja 2024 \u2013 5. osakilpailu, Pohjoinen 3\/4<\/strong><\/p><p>Kilpailukutsu: <a href=\"https:\/\/www.rallitulokset.fi\/Lomake2\/Kilpailukutsu.pdf\">https:\/\/www.rallitulokset.fi\/Lomake2\/Kilpailukutsu.pdf<\/a><\/p><p>Ilmoittautuminen: <a href=\"https:\/\/www.rallitulokset.fi\/Lomake2\/\">https:\/\/www.rallitulokset.fi\/Lomake2\/<\/a><\/p><p>L\u00e4ht\u00f6luettelo: <\/p><p>Kilpailijainfo:<\/p><p>Online tulokset:<\/p><p>Lis\u00e4tiedot: Kilpailussa ajetaan 4 erikoiskoetta n. 51 km, koko reitin pituus on n. 206 km. Kilpailu Kuuluu Elfin Harrasterallisarjaan ja on sen 5 osakilpailu sek\u00e4 pohjoisen sarjan 3 osakilpailu. Kilpailukeskus sijaitsee Ylikyl\u00e4nkoululla, osoitteessa Nerolantie 4 Kempele , jossa on ilmoittautuminen,varikko\/huolto alue ,katsastus ja l\u00e4ht\u00f6. Palkintojen jako suoritetaan Neste Maikkula, jossa my\u00f6s kilpailun maali sijsitsee Kilpailunturvallisuus tarkastus ja l\u00e4ht\u00f6 tapahtuu Kilpailukeskuksen pihalta. Kilpailun j\u00e4rjest\u00e4\u00e4 Pro race ry, Lis\u00e4tietoja: Tommi Korhonen 040 5222661, tokorh@gmail.com. Kilpailunjohtaja Jouko M\u00e4h\u00f6nen 0400 307200, jouko@kainuunautotex.fi.<\/p><p>Tervetuloa kilpailemaan Oulun seudulle<\/p><figure class=\"wp-block-image size-large\"><img loading=\"lazy\" decoding=\"async\" width=\"1024\" height=\"724\" src=\"https:\/\/harrasterallisarja.fi\/wp-content\/uploads\/2024\/03\/HRS2024OuluSomemainos-1024x724.jpg\" alt=\"\" class=\"wp-image-3434\" srcset=\"https:\/\/harrasterallisarja.fi\/wp-content\/uploads\/2024\/03\/HRS2024OuluSomemainos-1024x724.jpg 1024w, https:\/\/harrasterallisarja.fi\/wp-content\/uploads\/2024\/03\/HRS2024OuluSomemainos-300x212.jpg 300w, https:\/\/harrasterallisarja.fi\/wp-content\/uploads\/2024\/03\/HRS2024OuluSomemainos-768x543.jpg 768w, https:\/\/harrasterallisarja.fi\/wp-content\/uploads\/2024\/03\/HRS2024OuluSomemainos.jpg 1440w\" sizes=\"auto, (max-width: 1024px) 100vw, 1024px\" \/><\/figure>","protected":false},"excerpt":{"rendered":"<p>15.6. Jaresko Oy Ralli Elfin Harrasterallisarja 2024 \u2013 5. osakilpailu, Pohjoinen 3\/4 Kilpailukutsu: https:\/\/www.rallitulokset.fi\/Lomake2\/Kilpailukutsu.pdf Ilmoittautuminen: https:\/\/www.rallitulokset.fi\/Lomake2\/ L\u00e4ht\u00f6luettelo: Kilpailijainfo: Online tulokset: Lis\u00e4tiedot: Kilpailussa ajetaan 4 erikoiskoetta&hellip;<\/p>\n","protected":false},"author":2,"featured_media":0,"parent":0,"menu_order":0,"comment_status":"closed","ping_status":"closed","template":"","meta":{"_themeisle_gutenberg_block_has_review":false,"footnotes":""},"class_list":["post-3151","page","type-page","status-publish","hentry"],"_links":{"self":[{"href":"https:\/\/harrasterallisarja.fi\/index.php\/wp-json\/wp\/v2\/pages\/3151","targetHints":{"allow":["GET"]}}],"collection":[{"href":"https:\/\/harrasterallisarja.fi\/index.php\/wp-json\/wp\/v2\/pages"}],"about":[{"href":"https:\/\/harrasterallisarja.fi\/index.php\/wp-json\/wp\/v2\/types\/page"}],"author":[{"embeddable":true,"href":"https:\/\/harrasterallisarja.fi\/index.php\/wp-json\/wp\/v2\/users\/2"}],"replies":[{"embeddable":true,"href":"https:\/\/harrasterallisarja.fi\/index.php\/wp-json\/wp\/v2\/comments?post=3151"}],"version-history":[{"count":4,"href":"https:\/\/harrasterallisarja.fi\/index.php\/wp-json\/wp\/v2\/pages\/3151\/revisions"}],"predecessor-version":[{"id":3471,"href":"https:\/\/harrasterallisarja.fi\/index.php\/wp-json\/wp\/v2\/pages\/3151\/revisions\/3471"}],"wp:attachment":[{"href":"https:\/\/harrasterallisarja.fi\/index.php\/wp-json\/wp\/v2\/media?parent=3151"}],"curies":[{"name":"wp","href":"https:\/\/api.w.org\/{rel}","templated":true}]}}