{"id":3149,"date":"2023-11-11T16:27:26","date_gmt":"2023-11-11T16:27:26","guid":{"rendered":"https:\/\/harrasterallisarja.fi\/?page_id=3149"},"modified":"2024-05-12T20:27:01","modified_gmt":"2024-05-12T20:27:01","slug":"18-05-ikaalinen","status":"publish","type":"page","link":"https:\/\/harrasterallisarja.fi\/index.php\/18-05-ikaalinen\/","title":{"rendered":"18.05. Ikaalinen"},"content":{"rendered":"<h2 class=\"wp-block-heading\">18.05. Ikaalinen Spa Ralli<\/h2><p><strong>Elfin Harrasterallisarja 2024 \u2013 4. osakilpailu, Etel\u00e4 2\/4<\/strong><\/p><p>Kilpailukutsu: <a href=\"https:\/\/www.mut-palvelu.fi\/\" target=\"_blank\" rel=\"noreferrer noopener\">https:\/\/www.mut-palvelu.fi\/<\/a><\/p><p>Ilmoittautuminen: <a href=\"https:\/\/www.mut-palvelu.fi\/\" target=\"_blank\" rel=\"noreferrer noopener\">https:\/\/www.mut-palvelu.fi\/<\/a><\/p><p>L\u00e4ht\u00f6luettelo: <a href=\"https:\/\/www.mut-palvelu.fi\/2024\/ralli\/ikaalinen2024\/osanottajaluettelo.pdf\">https:\/\/www.mut-palvelu.fi\/2024\/ralli\/ikaalinen2024\/osanottajaluettelo.pdf<\/a><\/p><p>Kilpailijainfo:<\/p><p>Online tulokset:<\/p><p>Lis\u00e4tiedot: <a href=\"https:\/\/harrasterallisarja.fi\/wp-content\/uploads\/2024\/05\/Lisamaarays-1_240506_145513.pdf\" target=\"_blank\" rel=\"noreferrer noopener\">Lis\u00e4m\u00e4\u00e4r\u00e4ys 1<\/a> |  Median ilmoittautuminen: rikuainasvuori@gmail.com<\/p><figure class=\"wp-block-image size-large\"><img loading=\"lazy\" decoding=\"async\" width=\"853\" height=\"1024\" src=\"https:\/\/harrasterallisarja.fi\/wp-content\/uploads\/2024\/04\/IkaalinenSpaRallimainos-853x1024.jpg\" alt=\"\" class=\"wp-image-3453\" srcset=\"https:\/\/harrasterallisarja.fi\/wp-content\/uploads\/2024\/04\/IkaalinenSpaRallimainos-853x1024.jpg 853w, https:\/\/harrasterallisarja.fi\/wp-content\/uploads\/2024\/04\/IkaalinenSpaRallimainos-250x300.jpg 250w, https:\/\/harrasterallisarja.fi\/wp-content\/uploads\/2024\/04\/IkaalinenSpaRallimainos-768x922.jpg 768w, https:\/\/harrasterallisarja.fi\/wp-content\/uploads\/2024\/04\/IkaalinenSpaRallimainos.jpg 1000w\" sizes=\"auto, (max-width: 853px) 100vw, 853px\" \/><\/figure>","protected":false},"excerpt":{"rendered":"<p>18.05. Ikaalinen Spa Ralli Elfin Harrasterallisarja 2024 \u2013 4. osakilpailu, Etel\u00e4 2\/4 Kilpailukutsu: https:\/\/www.mut-palvelu.fi\/ Ilmoittautuminen: https:\/\/www.mut-palvelu.fi\/ L\u00e4ht\u00f6luettelo: https:\/\/www.mut-palvelu.fi\/2024\/ralli\/ikaalinen2024\/osanottajaluettelo.pdf Kilpailijainfo: Online tulokset: Lis\u00e4tiedot: Lis\u00e4m\u00e4\u00e4r\u00e4ys 1 |&hellip;<\/p>\n","protected":false},"author":2,"featured_media":0,"parent":0,"menu_order":0,"comment_status":"closed","ping_status":"closed","template":"","meta":{"_themeisle_gutenberg_block_has_review":false,"footnotes":""},"class_list":["post-3149","page","type-page","status-publish","hentry"],"_links":{"self":[{"href":"https:\/\/harrasterallisarja.fi\/index.php\/wp-json\/wp\/v2\/pages\/3149","targetHints":{"allow":["GET"]}}],"collection":[{"href":"https:\/\/harrasterallisarja.fi\/index.php\/wp-json\/wp\/v2\/pages"}],"about":[{"href":"https:\/\/harrasterallisarja.fi\/index.php\/wp-json\/wp\/v2\/types\/page"}],"author":[{"embeddable":true,"href":"https:\/\/harrasterallisarja.fi\/index.php\/wp-json\/wp\/v2\/users\/2"}],"replies":[{"embeddable":true,"href":"https:\/\/harrasterallisarja.fi\/index.php\/wp-json\/wp\/v2\/comments?post=3149"}],"version-history":[{"count":7,"href":"https:\/\/harrasterallisarja.fi\/index.php\/wp-json\/wp\/v2\/pages\/3149\/revisions"}],"predecessor-version":[{"id":3469,"href":"https:\/\/harrasterallisarja.fi\/index.php\/wp-json\/wp\/v2\/pages\/3149\/revisions\/3469"}],"wp:attachment":[{"href":"https:\/\/harrasterallisarja.fi\/index.php\/wp-json\/wp\/v2\/media?parent=3149"}],"curies":[{"name":"wp","href":"https:\/\/api.w.org\/{rel}","templated":true}]}}