{"id":2920,"date":"2023-01-11T20:05:28","date_gmt":"2023-01-11T20:05:28","guid":{"rendered":"https:\/\/harrasterallisarja.fi\/?page_id=2920"},"modified":"2023-08-20T21:35:25","modified_gmt":"2023-08-20T21:35:25","slug":"tilanne-2","status":"publish","type":"page","link":"https:\/\/harrasterallisarja.fi\/index.php\/tilanne-2\/","title":{"rendered":"tilanne"},"content":{"rendered":"<h2 class=\"wp-block-heading\">LOPPUTULOKSET<\/h2><p>Puustelli Harrasterallisarja 2023:n lopputuloksia voit tarkastella alla olevista linkeist\u00e4 pdf-tiedostoina. Vain sarjoissa palkittujen tasapisteisiin p\u00e4\u00e4tyneiden sijoitukset on eroteltu oikeaan j\u00e4rjestykseen.<\/p><p><a href=\"https:\/\/harrasterallisarja.fi\/wp-content\/uploads\/2023\/08\/pistetilanne23-8.pdf\" target=\"_blank\" rel=\"noreferrer noopener\">Harrasterallisarja &#8211; Koko Suomi &#8211; Loppupisteet<\/a><\/p><p><a href=\"https:\/\/harrasterallisarja.fi\/wp-content\/uploads\/2023\/07\/pistetilanne23-4p.pdf\" target=\"_blank\" rel=\"noreferrer noopener\">Harrasterallisarja &#8211; Pohjoinen &#8211; Loppupisteet<\/a><\/p><p><a href=\"https:\/\/harrasterallisarja.fi\/wp-content\/uploads\/2023\/08\/pistetilanne23e-4.pdf\" target=\"_blank\" rel=\"noreferrer noopener\">Harrasterallisarja &#8211; Etel\u00e4 &#8211; Loppupisteet<\/a><\/p>","protected":false},"excerpt":{"rendered":"<p>LOPPUTULOKSET Puustelli Harrasterallisarja 2023:n lopputuloksia voit tarkastella alla olevista linkeist\u00e4 pdf-tiedostoina. Vain sarjoissa palkittujen tasapisteisiin p\u00e4\u00e4tyneiden sijoitukset on eroteltu oikeaan j\u00e4rjestykseen. Harrasterallisarja &#8211; Koko Suomi&hellip;<\/p>\n","protected":false},"author":2,"featured_media":0,"parent":0,"menu_order":0,"comment_status":"closed","ping_status":"closed","template":"","meta":{"_themeisle_gutenberg_block_has_review":false,"footnotes":""},"class_list":["post-2920","page","type-page","status-publish","hentry"],"_links":{"self":[{"href":"https:\/\/harrasterallisarja.fi\/index.php\/wp-json\/wp\/v2\/pages\/2920","targetHints":{"allow":["GET"]}}],"collection":[{"href":"https:\/\/harrasterallisarja.fi\/index.php\/wp-json\/wp\/v2\/pages"}],"about":[{"href":"https:\/\/harrasterallisarja.fi\/index.php\/wp-json\/wp\/v2\/types\/page"}],"author":[{"embeddable":true,"href":"https:\/\/harrasterallisarja.fi\/index.php\/wp-json\/wp\/v2\/users\/2"}],"replies":[{"embeddable":true,"href":"https:\/\/harrasterallisarja.fi\/index.php\/wp-json\/wp\/v2\/comments?post=2920"}],"version-history":[{"count":15,"href":"https:\/\/harrasterallisarja.fi\/index.php\/wp-json\/wp\/v2\/pages\/2920\/revisions"}],"predecessor-version":[{"id":3112,"href":"https:\/\/harrasterallisarja.fi\/index.php\/wp-json\/wp\/v2\/pages\/2920\/revisions\/3112"}],"wp:attachment":[{"href":"https:\/\/harrasterallisarja.fi\/index.php\/wp-json\/wp\/v2\/media?parent=2920"}],"curies":[{"name":"wp","href":"https:\/\/api.w.org\/{rel}","templated":true}]}}