{"id":2215,"date":"2022-01-11T14:27:19","date_gmt":"2022-01-11T14:27:19","guid":{"rendered":"https:\/\/harrasterallisarja.fi\/?page_id=2215"},"modified":"2022-08-28T16:47:00","modified_gmt":"2022-08-28T16:47:00","slug":"tilanne","status":"publish","type":"page","link":"https:\/\/harrasterallisarja.fi\/index.php\/tilanne\/","title":{"rendered":"LOPPUPISTEET 2022"},"content":{"rendered":"<h2 class=\"wp-block-heading\" id=\"sarjatilanne-2-7\">SarjaTilanne 7\/7<\/h2><p><strong><a href=\"https:\/\/harrasterallisarja.fi\/wp-content\/uploads\/2022\/08\/pistetilanne-final1.pdf\">Lopullinen tilanne t\u00e4ydellisen\u00e4 pdf:n\u00e4<\/a>. <\/strong><\/p><p><strong>Sijoituksissa n\u00e4kyy 10 parasta\/kategoria. <\/strong><\/p><h3 class=\"wp-block-heading\" id=\"luksushuvilat-fi-klassikkomestaruus\">Luksushuvilat.fi klassikkomestaruus<\/h3><figure class=\"wp-block-image size-full\"><a href=\"https:\/\/harrasterallisarja.fi\/wp-content\/uploads\/2022\/08\/klassikko-22-1.png\"><img loading=\"lazy\" decoding=\"async\" width=\"953\" height=\"183\" src=\"https:\/\/harrasterallisarja.fi\/wp-content\/uploads\/2022\/08\/klassikko-22-1.png\" alt=\"\" class=\"wp-image-2639\" srcset=\"https:\/\/harrasterallisarja.fi\/wp-content\/uploads\/2022\/08\/klassikko-22-1.png 953w, https:\/\/harrasterallisarja.fi\/wp-content\/uploads\/2022\/08\/klassikko-22-1-300x58.png 300w, https:\/\/harrasterallisarja.fi\/wp-content\/uploads\/2022\/08\/klassikko-22-1-768x147.png 768w, https:\/\/harrasterallisarja.fi\/wp-content\/uploads\/2022\/08\/klassikko-22-1-600x115.png 600w\" sizes=\"auto, (max-width: 953px) 100vw, 953px\" \/><\/a><\/figure><h3 class=\"wp-block-heading\" id=\"jakopalvelut-com-nuottimestaruus\">Jakopalvelut.com Nuottimestaruus<\/h3><figure class=\"wp-block-image size-full\"><a href=\"https:\/\/harrasterallisarja.fi\/wp-content\/uploads\/2022\/08\/nuotti-22.png\"><img loading=\"lazy\" decoding=\"async\" width=\"956\" height=\"182\" src=\"https:\/\/harrasterallisarja.fi\/wp-content\/uploads\/2022\/08\/nuotti-22.png\" alt=\"\" class=\"wp-image-2640\" srcset=\"https:\/\/harrasterallisarja.fi\/wp-content\/uploads\/2022\/08\/nuotti-22.png 956w, https:\/\/harrasterallisarja.fi\/wp-content\/uploads\/2022\/08\/nuotti-22-300x57.png 300w, https:\/\/harrasterallisarja.fi\/wp-content\/uploads\/2022\/08\/nuotti-22-768x146.png 768w, https:\/\/harrasterallisarja.fi\/wp-content\/uploads\/2022\/08\/nuotti-22-600x114.png 600w\" sizes=\"auto, (max-width: 956px) 100vw, 956px\" \/><\/a><\/figure><h3 class=\"wp-block-heading\" id=\"pro-estore-oy-nuorten-mestaruus\">Pro Estore Oy Nuorten mestaruus<\/h3><figure class=\"wp-block-image size-full\"><a href=\"https:\/\/harrasterallisarja.fi\/wp-content\/uploads\/2022\/08\/nuoret-22.png\"><img loading=\"lazy\" decoding=\"async\" width=\"954\" height=\"182\" src=\"https:\/\/harrasterallisarja.fi\/wp-content\/uploads\/2022\/08\/nuoret-22.png\" alt=\"\" class=\"wp-image-2641\" srcset=\"https:\/\/harrasterallisarja.fi\/wp-content\/uploads\/2022\/08\/nuoret-22.png 954w, https:\/\/harrasterallisarja.fi\/wp-content\/uploads\/2022\/08\/nuoret-22-300x57.png 300w, https:\/\/harrasterallisarja.fi\/wp-content\/uploads\/2022\/08\/nuoret-22-768x147.png 768w, https:\/\/harrasterallisarja.fi\/wp-content\/uploads\/2022\/08\/nuoret-22-600x114.png 600w\" sizes=\"auto, (max-width: 954px) 100vw, 954px\" \/><\/a><\/figure><h3 class=\"wp-block-heading\" id=\"eka-sorvaus-oy-seniorimestaruus\">Eka-Sorvaus Oy Seniorimestaruus<\/h3><figure class=\"wp-block-image size-full\"><a href=\"https:\/\/harrasterallisarja.fi\/wp-content\/uploads\/2022\/08\/seniorit-22.png\"><img loading=\"lazy\" decoding=\"async\" width=\"955\" height=\"182\" src=\"https:\/\/harrasterallisarja.fi\/wp-content\/uploads\/2022\/08\/seniorit-22.png\" alt=\"\" class=\"wp-image-2642\" srcset=\"https:\/\/harrasterallisarja.fi\/wp-content\/uploads\/2022\/08\/seniorit-22.png 955w, https:\/\/harrasterallisarja.fi\/wp-content\/uploads\/2022\/08\/seniorit-22-300x57.png 300w, https:\/\/harrasterallisarja.fi\/wp-content\/uploads\/2022\/08\/seniorit-22-768x146.png 768w, https:\/\/harrasterallisarja.fi\/wp-content\/uploads\/2022\/08\/seniorit-22-600x114.png 600w\" sizes=\"auto, (max-width: 955px) 100vw, 955px\" \/><\/a><\/figure><h3 class=\"wp-block-heading\" id=\"tumotek-oy-conmill-oy-harrasterallin-mestaruus\">Tumotek Oy &amp; Conmill Oy Harrasterallin mestaruus<\/h3><figure class=\"wp-block-image size-full\"><a href=\"https:\/\/harrasterallisarja.fi\/wp-content\/uploads\/2022\/08\/hrs-22.png\"><img loading=\"lazy\" decoding=\"async\" width=\"951\" height=\"182\" src=\"https:\/\/harrasterallisarja.fi\/wp-content\/uploads\/2022\/08\/hrs-22.png\" alt=\"\" class=\"wp-image-2643\" srcset=\"https:\/\/harrasterallisarja.fi\/wp-content\/uploads\/2022\/08\/hrs-22.png 951w, https:\/\/harrasterallisarja.fi\/wp-content\/uploads\/2022\/08\/hrs-22-300x57.png 300w, https:\/\/harrasterallisarja.fi\/wp-content\/uploads\/2022\/08\/hrs-22-768x147.png 768w, https:\/\/harrasterallisarja.fi\/wp-content\/uploads\/2022\/08\/hrs-22-600x115.png 600w\" sizes=\"auto, (max-width: 951px) 100vw, 951px\" \/><\/a><\/figure><p><\/p>","protected":false},"excerpt":{"rendered":"<p>SarjaTilanne 7\/7 Lopullinen tilanne t\u00e4ydellisen\u00e4 pdf:n\u00e4. Sijoituksissa n\u00e4kyy 10 parasta\/kategoria. Luksushuvilat.fi klassikkomestaruus Jakopalvelut.com Nuottimestaruus Pro Estore Oy Nuorten mestaruus Eka-Sorvaus Oy Seniorimestaruus Tumotek Oy &amp;&hellip;<\/p>\n","protected":false},"author":2,"featured_media":0,"parent":0,"menu_order":0,"comment_status":"closed","ping_status":"closed","template":"","meta":{"_themeisle_gutenberg_block_has_review":false,"footnotes":""},"class_list":["post-2215","page","type-page","status-publish","hentry"],"_links":{"self":[{"href":"https:\/\/harrasterallisarja.fi\/index.php\/wp-json\/wp\/v2\/pages\/2215","targetHints":{"allow":["GET"]}}],"collection":[{"href":"https:\/\/harrasterallisarja.fi\/index.php\/wp-json\/wp\/v2\/pages"}],"about":[{"href":"https:\/\/harrasterallisarja.fi\/index.php\/wp-json\/wp\/v2\/types\/page"}],"author":[{"embeddable":true,"href":"https:\/\/harrasterallisarja.fi\/index.php\/wp-json\/wp\/v2\/users\/2"}],"replies":[{"embeddable":true,"href":"https:\/\/harrasterallisarja.fi\/index.php\/wp-json\/wp\/v2\/comments?post=2215"}],"version-history":[{"count":12,"href":"https:\/\/harrasterallisarja.fi\/index.php\/wp-json\/wp\/v2\/pages\/2215\/revisions"}],"predecessor-version":[{"id":2644,"href":"https:\/\/harrasterallisarja.fi\/index.php\/wp-json\/wp\/v2\/pages\/2215\/revisions\/2644"}],"wp:attachment":[{"href":"https:\/\/harrasterallisarja.fi\/index.php\/wp-json\/wp\/v2\/media?parent=2215"}],"curies":[{"name":"wp","href":"https:\/\/api.w.org\/{rel}","templated":true}]}}