{"id":113,"date":"2020-10-08T07:34:08","date_gmt":"2020-10-08T07:34:08","guid":{"rendered":"https:\/\/harrasterallisarja.fi\/?page_id=113"},"modified":"2024-08-02T21:33:49","modified_gmt":"2024-08-02T21:33:49","slug":"media","status":"publish","type":"page","link":"https:\/\/harrasterallisarja.fi\/index.php\/media\/","title":{"rendered":"media"},"content":{"rendered":"<h2 class=\"wp-block-heading\" id=\"mediainfo\">MEDIAINFO<\/h2><p>Harrasterallisarjaan on valittu muutama mediakumppani, joilla on p\u00e4\u00e4sy sarjan kaikkiin osakilpailuihin automaattisesti median kausikortilla. Toivomme, ett\u00e4 ilmoitat kuitenkin kuvausryhm\u00e4nne saapumisesta jokaiseen kilpailuun erikseen sarjatiedottajallemme. N\u00e4in tied\u00e4mme aina, ket\u00e4 on mukana miss\u00e4kin.<\/p><p><strong>Yksitt\u00e4isiin osakilpailuihin tuleva media akkreditoituu suoraan kilpailunj\u00e4rjest\u00e4j\u00e4lle viimeist\u00e4\u00e4n yksi (1) viikko ennen tapahtumaa. J\u00e4rjest\u00e4jien yhteystiedot l\u00f6yd\u00e4t kilpailukutsusta\/kilpailijaohjeesta. Medialla tulee olla toimeksianto tai vahvaa n\u00e4ytt\u00f6\u00e4 aiemmista media-alan suorituksista.<\/strong><\/p><p><strong>SARJATIEDOTUS<\/strong><br>Tero Lyttinen \/ Raceway Media<br>p. 040-7080573<br>email. tero.lyttinen@racewaymedia.fi<\/p><p><strong>TV-L\u00c4HETYKSET<\/strong><br>BV-Team toteuttaa sarjan jokaisesta osakilpailusta koosteen, joka esitet\u00e4\u00e4n kaudella 2023 TapahtumaTV eveo:lla. Koosteet tulevat n\u00e4kym\u00e4\u00e4n my\u00f6s BV-Teamin Youtube kanavalla. Klikkaa alta kisakohtaisiin koosteisiin.<\/p><h2 class=\"wp-block-heading\">Kausi 2024<\/h2><p>#1 Kontiolahti-ralli: <a href=\"https:\/\/www.youtube.com\/watch?v=X-EgKEul34k\"><img loading=\"lazy\" decoding=\"async\" width=\"50\" height=\"21\" class=\"wp-image-3019\" style=\"width: 50px;\" src=\"https:\/\/harrasterallisarja.fi\/wp-content\/uploads\/2023\/03\/youtubelogo.png\" alt=\"\"><\/a> <br>#2 Metalli J\u00e4rvel\u00e4 Ralli, Kaustinen: <a href=\"https:\/\/www.youtube.com\/watch?v=SdCQFUEcX6g\"><img loading=\"lazy\" decoding=\"async\" width=\"50\" height=\"21\" class=\"wp-image-3019\" style=\"width: 50px;\" src=\"https:\/\/harrasterallisarja.fi\/wp-content\/uploads\/2023\/03\/youtubelogo.png\" alt=\"\"><\/a> <br>#3 Toivakka Ralli: <a href=\"https:\/\/www.youtube.com\/watch?v=s1VaE8K0v4M\"><img loading=\"lazy\" decoding=\"async\" width=\"50\" height=\"21\" class=\"wp-image-3019\" style=\"width: 50px;\" src=\"https:\/\/harrasterallisarja.fi\/wp-content\/uploads\/2023\/03\/youtubelogo.png\" alt=\"\"><\/a> <br>#4 Ikaalinen Spa Ralli, Ikaalinen: <a href=\"https:\/\/www.youtube.com\/watch?v=Vbn7WlIPbmQ\" target=\"_blank\" rel=\"noreferrer noopener\"><img loading=\"lazy\" decoding=\"async\" width=\"50\" height=\"21\" class=\"wp-image-3019\" style=\"width: 50px;\" src=\"https:\/\/harrasterallisarja.fi\/wp-content\/uploads\/2023\/03\/youtubelogo.png\" alt=\"\"><\/a><br>#5 Jaresko Oy Ralli, Oulu: <a href=\"https:\/\/www.youtube.com\/watch?v=iRNRCqHW2ew\" target=\"_blank\" rel=\"noreferrer noopener\"><img loading=\"lazy\" decoding=\"async\" width=\"50\" height=\"21\" class=\"wp-image-3019\" style=\"width: 50px;\" src=\"https:\/\/harrasterallisarja.fi\/wp-content\/uploads\/2023\/03\/youtubelogo.png\" alt=\"\"><\/a><br>#6 SporttikoneRalli, Kisko: <a href=\"https:\/\/www.youtube.com\/watch?v=vs1yriSWSGw&amp;t=18s\" target=\"_blank\" rel=\"noreferrer noopener\"><img loading=\"lazy\" decoding=\"async\" width=\"50\" height=\"21\" class=\"wp-image-3019\" style=\"width: 50px;\" src=\"https:\/\/harrasterallisarja.fi\/wp-content\/uploads\/2023\/03\/youtubelogo.png\" alt=\"\"><\/a><\/p><p><\/p><h2 class=\"wp-block-heading\">Kausi 2023 <\/h2><p><\/p><p>#1 Piippola-ralli:   <img loading=\"lazy\" decoding=\"async\" width=\"50\" height=\"21\" class=\"wp-image-3019\" style=\"width: 50px;\" src=\"https:\/\/harrasterallisarja.fi\/wp-content\/uploads\/2023\/03\/youtubelogo.png\" alt=\"\">  <a rel=\"noreferrer noopener\" href=\"https:\/\/www.youtube.com\/watch?v=SBWQ3UtsBBk&amp;t=459s\" target=\"_blank\">BV-Team TV-kooste<\/a> | <a rel=\"noreferrer noopener\" href=\"https:\/\/www.youtube.com\/watch?v=-e6mEXVqs2I&amp;t=91s\" target=\"_blank\">JPeltsi <\/a>| <a rel=\"noreferrer noopener\" href=\"https:\/\/www.youtube.com\/watch?v=07k6Y56b7m0\" target=\"_blank\">Heheri2 <\/a>| <br>#2 GT-Osat Ralli Keuruu:  <img loading=\"lazy\" decoding=\"async\" width=\"50\" height=\"21\" class=\"wp-image-3019\" style=\"width: 50px;\" src=\"https:\/\/harrasterallisarja.fi\/wp-content\/uploads\/2023\/03\/youtubelogo.png\" alt=\"\"> <a rel=\"noreferrer noopener\" href=\"https:\/\/www.youtube.com\/watch?v=17usZPojUzg\" target=\"_blank\">BV-Team TV-kooste<\/a> | <a rel=\"noreferrer noopener\" href=\"https:\/\/www.youtube.com\/watch?v=U8uO2x1T_cQ\" target=\"_blank\">Heheri2 <\/a>| <a rel=\"noreferrer noopener\" href=\"https:\/\/www.youtube.com\/watch?v=yOMbk5w5pAY\" target=\"_blank\">Per\u00e4Tielle <\/a>| <br>#3 Kontiolahti-ralli:  <img loading=\"lazy\" decoding=\"async\" width=\"50\" height=\"21\" class=\"wp-image-3019\" style=\"width: 50px;\" src=\"https:\/\/harrasterallisarja.fi\/wp-content\/uploads\/2023\/03\/youtubelogo.png\" alt=\"\"> <a rel=\"noreferrer noopener\" href=\"https:\/\/www.youtube.com\/watch?v=tLUzECFMJXU\" target=\"_blank\">BV-Team TV-kooste<\/a> | <a rel=\"noreferrer noopener\" href=\"https:\/\/www.youtube.com\/watch?v=JLef9ikfGk8\" target=\"_blank\">Heheri2 <\/a>| <br>#4 Mikkeli-ralli:  <img loading=\"lazy\" decoding=\"async\" width=\"50\" height=\"21\" class=\"wp-image-3019\" style=\"width: 50px;\" src=\"https:\/\/harrasterallisarja.fi\/wp-content\/uploads\/2023\/03\/youtubelogo.png\" alt=\"\"> <a rel=\"noreferrer noopener\" href=\"https:\/\/www.youtube.com\/watch?v=_DiKh1-ZNp8\" target=\"_blank\">BV-Team TV-kooste<\/a> | <a rel=\"noreferrer noopener\" href=\"https:\/\/www.youtube.com\/watch?v=7_8OAFgk-gY\" target=\"_blank\">Heheri2 <\/a>| <a rel=\"noreferrer noopener\" href=\"https:\/\/www.youtube.com\/watch?v=g-GQ-yVvo1s\" target=\"_blank\">Per\u00e4tielle <\/a>| <a rel=\"noreferrer noopener\" href=\"https:\/\/www.youtube.com\/watch?v=UW5rxw6NmJc\" target=\"_blank\">JPeltsi <\/a>| <br>#5 Suomussalmi-ralli:  <img loading=\"lazy\" decoding=\"async\" width=\"50\" height=\"21\" class=\"wp-image-3019\" style=\"width: 50px;\" src=\"https:\/\/harrasterallisarja.fi\/wp-content\/uploads\/2023\/03\/youtubelogo.png\" alt=\"\"> <a rel=\"noreferrer noopener\" href=\"https:\/\/www.youtube.com\/watch?v=ffPuQVV9PcM\" target=\"_blank\">BV-Team TV-kooste<\/a> | <a rel=\"noreferrer noopener\" href=\"https:\/\/www.youtube.com\/watch?v=edct5HfDYGk&amp;t=626s\" target=\"_blank\">Per\u00e4tielle <\/a>| <a rel=\"noreferrer noopener\" href=\"https:\/\/www.youtube.com\/watch?v=gnEWgqNeWgI\" target=\"_blank\">Heheri2 <\/a>| <a rel=\"noreferrer noopener\" href=\"https:\/\/www.youtube.com\/watch?v=eLpQRLJTLas\" target=\"_blank\">JPeltsi<\/a> | <br>#6 PH-Peltiasennus Ralli Tammisaari: <img decoding=\"async\" src=\"https:\/\/harrasterallisarja.fi\/wp-content\/uploads\/2023\/03\/youtubelogo.png\" alt=\"\"> <a rel=\"noreferrer noopener\" href=\"https:\/\/www.youtube.com\/watch?v=h5da6vkyBpI\" target=\"_blank\">BV-TEAM TV-KOOSTE<\/a> | <a rel=\"noreferrer noopener\" href=\"https:\/\/www.youtube.com\/watch?v=mjHriXgsLSE\" target=\"_blank\">HEHERI2 <\/a>|<br>#7 Jaresko Siikajoki Ralli Liminka: <img decoding=\"async\" src=\"https:\/\/harrasterallisarja.fi\/wp-content\/uploads\/2023\/03\/youtubelogo.png\" alt=\"\"> <a rel=\"noreferrer noopener\" href=\"https:\/\/www.youtube.com\/watch?v=xOugsSq4U9Q\" target=\"_blank\">BV-TEAM TV-KOOSTE<\/a> | <a rel=\"noreferrer noopener\" href=\"https:\/\/www.youtube.com\/watch?v=Qj7zcEGqO4Y\" target=\"_blank\">PER\u00c4TIELLE <\/a>| <a rel=\"noreferrer noopener\" href=\"https:\/\/www.youtube.com\/watch?v=Imzvqhkjzew\" target=\"_blank\">HEHERI2 <\/a>| <a rel=\"noreferrer noopener\" href=\"https:\/\/www.youtube.com\/watch?v=W43_HfLqTCg&amp;pp=ygUHanBlbHRzaQ%3D%3D\" target=\"_blank\">JPELTSI<\/a> |<br>#8 LUKSUSHUVILAT.FI RALLI SASTAMALA: <\/p><figure class=\"wp-block-table ticss-dec7d119\"><table><tbody><tr><td><strong><strong>Kauden 2022 koosteet:<\/strong><br><\/strong><a rel=\"noreferrer noopener\" href=\"https:\/\/www.youtube.com\/watch?v=aLMrtJVK3UA\" target=\"_blank\">Osakilpailu #1, Piippola<\/a><br><a rel=\"noreferrer noopener\" href=\"https:\/\/www.youtube.com\/watch?v=a_J7qgO8Kwk\" target=\"_blank\">Osakilpailu #2, Tikkakoski<\/a><br><a rel=\"noreferrer noopener\" href=\"https:\/\/www.youtube.com\/watch?v=9hTYAE6M1n0\" target=\"_blank\">Osakilpailu #3, Tornio<\/a><br><a rel=\"noreferrer noopener\" href=\"https:\/\/www.youtube.com\/watch?v=gQH47EKEC8Y\" target=\"_blank\">Osakilpailu #4, Kontiolahti<\/a><br><a href=\"https:\/\/www.youtube.com\/watch?v=WLAv9xLR9cM\">Osakilpailu #5, Kankaanp\u00e4\u00e4<\/a><br><a href=\"https:\/\/www.youtube.com\/watch?v=74XlLVMOEdw\">Osakilpailu #6, Nivala<\/a><br><a rel=\"noreferrer noopener\" href=\"https:\/\/www.youtube.com\/watch?v=guDRQicKZq8\" target=\"_blank\">Osakilpailu #7, Laukaa<\/a><br><\/td><td><strong>Kauden 2021 koosteet:<\/strong><br><a rel=\"noreferrer noopener\" href=\"https:\/\/bit.ly\/3rHwG2R\" target=\"_blank\">Osakilpailu #1, Joutsa<\/a><br><a rel=\"noreferrer noopener\" href=\"https:\/\/bit.ly\/38z8Jn2\" target=\"_blank\">Osakilpailu #2, Kontiolahti<\/a><br><a rel=\"noreferrer noopener\" href=\"https:\/\/www.youtube.com\/watch?v=C2V_7bqTEQY\" target=\"_blank\">Osakilpailu #3, Suomussalmi<\/a><br><a rel=\"noreferrer noopener\" href=\"https:\/\/www.youtube.com\/watch?v=DHu3BIhdJXs\" target=\"_blank\">Osakilpailu #4, Juuka<\/a><br><a rel=\"noreferrer noopener\" href=\"https:\/\/www.youtube.com\/watch?v=bnsCN6UdfvE\" target=\"_blank\">Osakilpailu #5 Tammisaari<\/a><br><a rel=\"noreferrer noopener\" href=\"https:\/\/www.youtube.com\/watch?v=OdZiiyJcRCg\" target=\"_blank\">Osakilpailu #6, Parkano<\/a><\/td><\/tr><\/tbody><\/table><\/figure><p><\/p><p><\/p><p><\/p><p><\/p>","protected":false},"excerpt":{"rendered":"<p>MEDIAINFO Harrasterallisarjaan on valittu muutama mediakumppani, joilla on p\u00e4\u00e4sy sarjan kaikkiin osakilpailuihin automaattisesti median kausikortilla. Toivomme, ett\u00e4 ilmoitat kuitenkin kuvausryhm\u00e4nne saapumisesta jokaiseen kilpailuun erikseen sarjatiedottajallemme.&hellip;<\/p>\n","protected":false},"author":2,"featured_media":0,"parent":0,"menu_order":0,"comment_status":"closed","ping_status":"closed","template":"","meta":{"_themeisle_gutenberg_block_has_review":false,"footnotes":""},"class_list":["post-113","page","type-page","status-publish","hentry"],"_links":{"self":[{"href":"https:\/\/harrasterallisarja.fi\/index.php\/wp-json\/wp\/v2\/pages\/113","targetHints":{"allow":["GET"]}}],"collection":[{"href":"https:\/\/harrasterallisarja.fi\/index.php\/wp-json\/wp\/v2\/pages"}],"about":[{"href":"https:\/\/harrasterallisarja.fi\/index.php\/wp-json\/wp\/v2\/types\/page"}],"author":[{"embeddable":true,"href":"https:\/\/harrasterallisarja.fi\/index.php\/wp-json\/wp\/v2\/users\/2"}],"replies":[{"embeddable":true,"href":"https:\/\/harrasterallisarja.fi\/index.php\/wp-json\/wp\/v2\/comments?post=113"}],"version-history":[{"count":88,"href":"https:\/\/harrasterallisarja.fi\/index.php\/wp-json\/wp\/v2\/pages\/113\/revisions"}],"predecessor-version":[{"id":3525,"href":"https:\/\/harrasterallisarja.fi\/index.php\/wp-json\/wp\/v2\/pages\/113\/revisions\/3525"}],"wp:attachment":[{"href":"https:\/\/harrasterallisarja.fi\/index.php\/wp-json\/wp\/v2\/media?parent=113"}],"curies":[{"name":"wp","href":"https:\/\/api.w.org\/{rel}","templated":true}]}}